{"id":9,"date":"2018-01-15T12:54:34","date_gmt":"2018-01-15T11:54:34","guid":{"rendered":"https:\/\/modest.w.com.hr\/?page_id=9"},"modified":"2024-10-04T16:55:12","modified_gmt":"2024-10-04T16:55:12","slug":"o-nama","status":"publish","type":"page","link":"https:\/\/www.rentacar-modest.hr\/en\/o-nama\/","title":{"rendered":"About us"},"content":{"rendered":"","protected":false},"excerpt":{"rendered":"","protected":false},"author":1,"featured_media":0,"parent":0,"menu_order":0,"comment_status":"open","ping_status":"closed","template":"","meta":{"footnotes":""},"class_list":["post-9","page","type-page","status-publish","hentry"],"yoast_head":"<!-- This site is optimized with the Yoast SEO plugin v24.7 - https:\/\/yoast.com\/wordpress\/plugins\/seo\/ -->\n<title>O nama - rentacar-modest.hr<\/title>\n<meta name=\"description\" content=\"Rentacar Modest, Zagreb, je hrvatski rent-a-car koji nudi iznajmljivanje osobnih i teretnih vozila po najpovoljnijim cijenama. Iznajmljivanje osobnih vozila iz kategorija economy i comfort, najam kobija, putni\u010dkih i transportnih. Cijena najma sadr\u017ei all inclusive paket koji obuhva\u0107a obavezno i kasko osiguranje, osiguranje za sve putnike, dje\u010dju sjedalicu, GPS navigaciju i neograni\u010denu kilometra\u017eu. Sva vozila u ponudi su pod tvorni\u010dkim jamstvom.\" \/>\n<meta name=\"robots\" content=\"index, follow, max-snippet:-1, max-image-preview:large, max-video-preview:-1\" \/>\n<link rel=\"canonical\" href=\"https:\/\/www.rentacar-modest.hr\/en\/o-nama\/\" \/>\n<meta property=\"og:locale\" content=\"en_GB\" \/>\n<meta property=\"og:type\" content=\"article\" \/>\n<meta property=\"og:title\" content=\"O nama - rentacar-modest.hr\" \/>\n<meta property=\"og:description\" content=\"Rentacar Modest, Zagreb, je hrvatski rent-a-car koji nudi iznajmljivanje osobnih i teretnih vozila po najpovoljnijim cijenama. Iznajmljivanje osobnih vozila iz kategorija economy i comfort, najam kobija, putni\u010dkih i transportnih. Cijena najma sadr\u017ei all inclusive paket koji obuhva\u0107a obavezno i kasko osiguranje, osiguranje za sve putnike, dje\u010dju sjedalicu, GPS navigaciju i neograni\u010denu kilometra\u017eu. Sva vozila u ponudi su pod tvorni\u010dkim jamstvom.\" \/>\n<meta property=\"og:url\" content=\"https:\/\/www.rentacar-modest.hr\/en\/o-nama\/\" \/>\n<meta property=\"og:site_name\" content=\"rentacar-modest.hr\" \/>\n<meta property=\"article:modified_time\" content=\"2024-10-04T16:55:12+00:00\" \/>\n<meta name=\"twitter:card\" content=\"summary_large_image\" \/>\n<script type=\"application\/ld+json\" class=\"yoast-schema-graph\">{\"@context\":\"https:\/\/schema.org\",\"@graph\":[{\"@type\":\"WebPage\",\"@id\":\"https:\/\/www.rentacar-modest.hr\/o-nama\/\",\"url\":\"https:\/\/www.rentacar-modest.hr\/o-nama\/\",\"name\":\"O nama - rentacar-modest.hr\",\"isPartOf\":{\"@id\":\"https:\/\/www.rentacar-modest.hr\/#website\"},\"datePublished\":\"2018-01-15T11:54:34+00:00\",\"dateModified\":\"2024-10-04T16:55:12+00:00\",\"description\":\"Rentacar Modest, Zagreb, je hrvatski rent-a-car koji nudi iznajmljivanje osobnih i teretnih vozila po najpovoljnijim cijenama. Iznajmljivanje osobnih vozila iz kategorija economy i comfort, najam kobija, putni\u010dkih i transportnih. Cijena najma sadr\u017ei all inclusive paket koji obuhva\u0107a obavezno i kasko osiguranje, osiguranje za sve putnike, dje\u010dju sjedalicu, GPS navigaciju i neograni\u010denu kilometra\u017eu. Sva vozila u ponudi su pod tvorni\u010dkim jamstvom.\",\"breadcrumb\":{\"@id\":\"https:\/\/www.rentacar-modest.hr\/o-nama\/#breadcrumb\"},\"inLanguage\":\"en-GB\",\"potentialAction\":[{\"@type\":\"ReadAction\",\"target\":[\"https:\/\/www.rentacar-modest.hr\/o-nama\/\"]}]},{\"@type\":\"BreadcrumbList\",\"@id\":\"https:\/\/www.rentacar-modest.hr\/o-nama\/#breadcrumb\",\"itemListElement\":[{\"@type\":\"ListItem\",\"position\":1,\"name\":\"Po\u010detna stranica\",\"item\":\"https:\/\/www.rentacar-modest.hr\/\"},{\"@type\":\"ListItem\",\"position\":2,\"name\":\"O nama\"}]},{\"@type\":\"WebSite\",\"@id\":\"https:\/\/www.rentacar-modest.hr\/#website\",\"url\":\"https:\/\/www.rentacar-modest.hr\/\",\"name\":\"rentacar-modest.hr\",\"description\":\"Rent a Car Zagreb \",\"publisher\":{\"@id\":\"https:\/\/www.rentacar-modest.hr\/#organization\"},\"potentialAction\":[{\"@type\":\"SearchAction\",\"target\":{\"@type\":\"EntryPoint\",\"urlTemplate\":\"https:\/\/www.rentacar-modest.hr\/?s={search_term_string}\"},\"query-input\":{\"@type\":\"PropertyValueSpecification\",\"valueRequired\":true,\"valueName\":\"search_term_string\"}}],\"inLanguage\":\"en-GB\"},{\"@type\":\"Organization\",\"@id\":\"https:\/\/www.rentacar-modest.hr\/#organization\",\"name\":\"rentacar-modest.hr\",\"url\":\"https:\/\/www.rentacar-modest.hr\/\",\"logo\":{\"@type\":\"ImageObject\",\"inLanguage\":\"en-GB\",\"@id\":\"https:\/\/www.rentacar-modest.hr\/#\/schema\/logo\/image\/\",\"url\":\"https:\/\/www.rentacar-modest.hr\/wp-content\/uploads\/2022\/11\/cropped-LOGO-MODEST_fav_1-1.png\",\"contentUrl\":\"https:\/\/www.rentacar-modest.hr\/wp-content\/uploads\/2022\/11\/cropped-LOGO-MODEST_fav_1-1.png\",\"width\":100,\"height\":55,\"caption\":\"rentacar-modest.hr\"},\"image\":{\"@id\":\"https:\/\/www.rentacar-modest.hr\/#\/schema\/logo\/image\/\"}}]}<\/script>\n<!-- \/ Yoast SEO plugin. -->","yoast_head_json":{"title":"O nama - rentacar-modest.hr","description":"Rentacar Modest, Zagreb, je hrvatski rent-a-car koji nudi iznajmljivanje osobnih i teretnih vozila po najpovoljnijim cijenama. Iznajmljivanje osobnih vozila iz kategorija economy i comfort, najam kobija, putni\u010dkih i transportnih. Cijena najma sadr\u017ei all inclusive paket koji obuhva\u0107a obavezno i kasko osiguranje, osiguranje za sve putnike, dje\u010dju sjedalicu, GPS navigaciju i neograni\u010denu kilometra\u017eu. Sva vozila u ponudi su pod tvorni\u010dkim jamstvom.","robots":{"index":"index","follow":"follow","max-snippet":"max-snippet:-1","max-image-preview":"max-image-preview:large","max-video-preview":"max-video-preview:-1"},"canonical":"https:\/\/www.rentacar-modest.hr\/en\/o-nama\/","og_locale":"en_GB","og_type":"article","og_title":"O nama - rentacar-modest.hr","og_description":"Rentacar Modest, Zagreb, je hrvatski rent-a-car koji nudi iznajmljivanje osobnih i teretnih vozila po najpovoljnijim cijenama. Iznajmljivanje osobnih vozila iz kategorija economy i comfort, najam kobija, putni\u010dkih i transportnih. Cijena najma sadr\u017ei all inclusive paket koji obuhva\u0107a obavezno i kasko osiguranje, osiguranje za sve putnike, dje\u010dju sjedalicu, GPS navigaciju i neograni\u010denu kilometra\u017eu. Sva vozila u ponudi su pod tvorni\u010dkim jamstvom.","og_url":"https:\/\/www.rentacar-modest.hr\/en\/o-nama\/","og_site_name":"rentacar-modest.hr","article_modified_time":"2024-10-04T16:55:12+00:00","twitter_card":"summary_large_image","schema":{"@context":"https:\/\/schema.org","@graph":[{"@type":"WebPage","@id":"https:\/\/www.rentacar-modest.hr\/o-nama\/","url":"https:\/\/www.rentacar-modest.hr\/o-nama\/","name":"O nama - rentacar-modest.hr","isPartOf":{"@id":"https:\/\/www.rentacar-modest.hr\/#website"},"datePublished":"2018-01-15T11:54:34+00:00","dateModified":"2024-10-04T16:55:12+00:00","description":"Rentacar Modest, Zagreb, je hrvatski rent-a-car koji nudi iznajmljivanje osobnih i teretnih vozila po najpovoljnijim cijenama. Iznajmljivanje osobnih vozila iz kategorija economy i comfort, najam kobija, putni\u010dkih i transportnih. Cijena najma sadr\u017ei all inclusive paket koji obuhva\u0107a obavezno i kasko osiguranje, osiguranje za sve putnike, dje\u010dju sjedalicu, GPS navigaciju i neograni\u010denu kilometra\u017eu. Sva vozila u ponudi su pod tvorni\u010dkim jamstvom.","breadcrumb":{"@id":"https:\/\/www.rentacar-modest.hr\/o-nama\/#breadcrumb"},"inLanguage":"en-GB","potentialAction":[{"@type":"ReadAction","target":["https:\/\/www.rentacar-modest.hr\/o-nama\/"]}]},{"@type":"BreadcrumbList","@id":"https:\/\/www.rentacar-modest.hr\/o-nama\/#breadcrumb","itemListElement":[{"@type":"ListItem","position":1,"name":"Po\u010detna stranica","item":"https:\/\/www.rentacar-modest.hr\/"},{"@type":"ListItem","position":2,"name":"O nama"}]},{"@type":"WebSite","@id":"https:\/\/www.rentacar-modest.hr\/#website","url":"https:\/\/www.rentacar-modest.hr\/","name":"rentacar-modest.hr","description":"Rent a Car Zagreb ","publisher":{"@id":"https:\/\/www.rentacar-modest.hr\/#organization"},"potentialAction":[{"@type":"SearchAction","target":{"@type":"EntryPoint","urlTemplate":"https:\/\/www.rentacar-modest.hr\/?s={search_term_string}"},"query-input":{"@type":"PropertyValueSpecification","valueRequired":true,"valueName":"search_term_string"}}],"inLanguage":"en-GB"},{"@type":"Organization","@id":"https:\/\/www.rentacar-modest.hr\/#organization","name":"rentacar-modest.hr","url":"https:\/\/www.rentacar-modest.hr\/","logo":{"@type":"ImageObject","inLanguage":"en-GB","@id":"https:\/\/www.rentacar-modest.hr\/#\/schema\/logo\/image\/","url":"https:\/\/www.rentacar-modest.hr\/wp-content\/uploads\/2022\/11\/cropped-LOGO-MODEST_fav_1-1.png","contentUrl":"https:\/\/www.rentacar-modest.hr\/wp-content\/uploads\/2022\/11\/cropped-LOGO-MODEST_fav_1-1.png","width":100,"height":55,"caption":"rentacar-modest.hr"},"image":{"@id":"https:\/\/www.rentacar-modest.hr\/#\/schema\/logo\/image\/"}}]}},"_links":{"self":[{"href":"https:\/\/www.rentacar-modest.hr\/en\/wp-json\/wp\/v2\/pages\/9","targetHints":{"allow":["GET"]}}],"collection":[{"href":"https:\/\/www.rentacar-modest.hr\/en\/wp-json\/wp\/v2\/pages"}],"about":[{"href":"https:\/\/www.rentacar-modest.hr\/en\/wp-json\/wp\/v2\/types\/page"}],"author":[{"embeddable":true,"href":"https:\/\/www.rentacar-modest.hr\/en\/wp-json\/wp\/v2\/users\/1"}],"replies":[{"embeddable":true,"href":"https:\/\/www.rentacar-modest.hr\/en\/wp-json\/wp\/v2\/comments?post=9"}],"version-history":[{"count":1,"href":"https:\/\/www.rentacar-modest.hr\/en\/wp-json\/wp\/v2\/pages\/9\/revisions"}],"predecessor-version":[{"id":109,"href":"https:\/\/www.rentacar-modest.hr\/en\/wp-json\/wp\/v2\/pages\/9\/revisions\/109"}],"wp:attachment":[{"href":"https:\/\/www.rentacar-modest.hr\/en\/wp-json\/wp\/v2\/media?parent=9"}],"curies":[{"name":"wp","href":"https:\/\/api.w.org\/{rel}","templated":true}]}}