{"id":11,"date":"2018-01-15T12:54:56","date_gmt":"2018-01-15T11:54:56","guid":{"rendered":"https:\/\/modest.w.com.hr\/?page_id=11"},"modified":"2024-10-11T01:27:11","modified_gmt":"2024-10-10T23:27:11","slug":"rent-economy-vozila","status":"publish","type":"page","link":"https:\/\/www.rentacar-modest.hr\/en\/rent-economy-vozila\/","title":{"rendered":"Rent Economy"},"content":{"rendered":"<div class=\"wpb-content-wrapper\"><div class=\"vc_row wpb_row vc_row-fluid vc_custom_1670790926853 vc_row-has-fill\"><div class=\"wpb_column vc_column_container vc_col-sm-12\"><div class=\"vc_column-inner\"><div class=\"wpb_wrapper\"><div class=\"vc_empty_space\"   style=\"height: 10px\"><span class=\"vc_empty_space_inner\"><\/span><\/div><\/div><\/div><\/div><\/div><div class=\"vc_row wpb_row vc_row-fluid vc_custom_1670714503635 vc_row-has-fill vc_column-gap-10\"><div class=\"wpb_column vc_column_container vc_col-sm-12 vc_hidden-md vc_hidden-sm vc_col-has-fill\"><div class=\"vc_column-inner vc_custom_1673018319850\"><div class=\"wpb_wrapper\">\n\t<div class=\"wpb_text_column wpb_content_element vc_custom_1673014583443\" >\n\t\t<div class=\"wpb_wrapper\">\n\t\t\t<div class=\"column mcb-column mcb-item-c27bbdeff one tablet-one mobile-one column_column\">\n<div class=\"mcb-column-inner mcb-column-inner-c27bbdeff mcb-item-column-inner\">\n<div class=\"column_attr mfn-inline-editor clearfix align_center\">\n<h3 style=\"text-align: center;\">Rent Economy<\/h3>\n<h5 style=\"text-align: center;\"><strong>All offered vehicles come with all-inclusive package that includes:<\/strong><\/h5>\n<hr \/>\n<\/div>\n<\/div>\n<\/div>\n<div class=\"column mcb-column mcb-item-2da7d2e77 one-third tablet-three-fifth mobile-one column_column\" style=\"text-align: center;\">\n<div class=\"mcb-column-inner mcb-column-inner-2da7d2e77 mcb-item-column-inner\">\n<div class=\"column_attr mfn-inline-editor clearfix align_center\">\n<h6><strong>casco vehicle and passenger insurance<\/strong><\/h6>\n<h6><strong>unlimited mileage<\/strong><\/h6>\n<h6><strong>tax<\/strong><\/h6>\n<hr \/>\n<\/div>\n<\/div>\n<\/div>\n<div class=\"column mcb-column mcb-item-dd6f24e9d one-third tablet-three-fifth mobile-one column_column\" style=\"text-align: center;\">\n<div class=\"mcb-column-inner mcb-column-inner-dd6f24e9d mcb-item-column-inner\">\n<div class=\"column_attr mfn-inline-editor clearfix align_center\">\n<h6><strong>green card for crossing the border<\/strong><\/h6>\n<h6><strong>children seat(s)<\/strong><\/h6>\n<h6><strong>GPS navigation<\/strong><\/h6>\n<hr \/>\n<\/div>\n<\/div>\n<\/div>\n<div class=\"column mcb-column mcb-item-c85681303 one-third tablet-three-fifth mobile-one column_column\">\n<div class=\"mcb-column-inner mcb-column-inner-c85681303 mcb-item-column-inner\">\n<div class=\"column_attr mfn-inline-editor clearfix align_center\" style=\"text-align: center;\">\n<h6><strong>vehicle warranty<\/strong><\/h6>\n<h6><strong>replacement vehicle if necessary<\/strong><\/h6>\n<h6><strong>winter equipment<\/strong><\/h6>\n<hr \/>\n<\/div>\n<\/div>\n<\/div>\n\n\t\t<\/div>\n\t<\/div>\n<\/div><\/div><\/div><\/div><div data-vc-full-width=\"true\" data-vc-full-width-init=\"false\" data-vc-stretch-content=\"true\" class=\"vc_row wpb_row vc_row-fluid vc_custom_1673018205159 vc_row-has-fill vc_column-gap-10\"><div class=\"wpb_column vc_column_container vc_col-sm-12 vc_hidden-lg vc_hidden-xs vc_col-has-fill\"><div class=\"vc_column-inner vc_custom_1673018218933\"><div class=\"wpb_wrapper\">\n\t<div class=\"wpb_text_column wpb_content_element vc_custom_1673018295597\" >\n\t\t<div class=\"wpb_wrapper\">\n\t\t\t<div>\n<div>\n<div>\n<h3 style=\"text-align: center;\">Rent Economy<\/h3>\n<h5 style=\"text-align: center;\"><strong>All offered vehicles come with all-inclusive package that includes:<\/strong><\/h5>\n<hr \/>\n<\/div>\n<\/div>\n<\/div>\n<div style=\"text-align: center;\">\n<div>\n<div>\n<h6><strong>casco vehicle and passenger insurance<\/strong><\/h6>\n<h6><strong>unlimited mileage<\/strong><\/h6>\n<h6><strong>tax<\/strong><\/h6>\n<hr \/>\n<\/div>\n<\/div>\n<\/div>\n<div style=\"text-align: center;\">\n<div>\n<div>\n<h6><strong>green card for crossing the border<\/strong><\/h6>\n<h6><strong>children seat(s)<\/strong><\/h6>\n<h6><strong>GPS navigation<\/strong><\/h6>\n<hr \/>\n<\/div>\n<\/div>\n<\/div>\n<div>\n<div>\n<div style=\"text-align: center;\">\n<h6><strong>vehicle warranty<\/strong><\/h6>\n<h6><strong>replacement vehicle if necessary<\/strong><\/h6>\n<h6><strong>winter equipment<\/strong><\/h6>\n<hr \/>\n<\/div>\n<\/div>\n<\/div>\n\n\t\t<\/div>\n\t<\/div>\n<\/div><\/div><\/div><\/div><div class=\"vc_row-full-width vc_clearfix\"><\/div><div class=\"vc_row wpb_row vc_row-fluid vc_custom_1670719923239 vc_row-has-fill\"><div class=\"wpb_column vc_column_container vc_col-sm-12\"><div class=\"vc_column-inner\"><div class=\"wpb_wrapper\"><div class=\"vc_empty_space\"   style=\"height: 10px\"><span class=\"vc_empty_space_inner\"><\/span><\/div><\/div><\/div><\/div><\/div><div class=\"vc_row wpb_row vc_row-fluid vc_custom_1670714045020 vc_row-has-fill\"><div class=\"wpb_column vc_column_container vc_col-sm-6\"><div class=\"vc_column-inner\"><div class=\"wpb_wrapper\"><section class=\"vc_cta3-container\"><div class=\"vc_general vc_do_cta3 vc_cta3 vc_cta3-style-classic vc_cta3-shape-rounded vc_cta3-align-left vc_cta3-color-classic vc_cta3-icon-size-md vc_custom_1728046723452\"><div class=\"vc_cta3_content-container\"><div class=\"vc_cta3-content\"><header class=\"vc_cta3-content-header\"><\/header><table border=\"0\" width=\"100%\" cellspacing=\"0\" cellpadding=\"0\">\n<tbody>\n<tr>\n<td width=\"140\" height=\"35\">\n<h6><strong>OPEL CORSA<\/strong><\/h6>\n<\/td>\n<td colspan=\"3\"><\/td>\n<\/tr>\n<tr>\n<td valign=\"top\">\n<p><strong>Air condition<\/strong><\/p>\n<p><strong>Air bag<\/strong><\/p>\n<p><strong>Radio\/CD<\/strong><\/p>\n<p><strong>Alarm<\/strong><\/p>\n<p><strong>Central locking<\/strong><\/p>\n<p><strong>Power steering<\/strong><\/td>\n<td colspan=\"2\"><img loading=\"lazy\" decoding=\"async\" class=\"alignnone size-medium wp-image-222\" src=\"https:\/\/rentacar-modest.hr\/wp-content\/uploads\/2022\/12\/opel-corsa-V-300x188.png\" alt=\"\" width=\"300\" height=\"188\" srcset=\"https:\/\/www.rentacar-modest.hr\/wp-content\/uploads\/2022\/12\/opel-corsa-V-300x188.png 300w, https:\/\/www.rentacar-modest.hr\/wp-content\/uploads\/2022\/12\/opel-corsa-V-768x480.png 768w, https:\/\/www.rentacar-modest.hr\/wp-content\/uploads\/2022\/12\/opel-corsa-V-234x146.png 234w, https:\/\/www.rentacar-modest.hr\/wp-content\/uploads\/2022\/12\/opel-corsa-V-50x31.png 50w, https:\/\/www.rentacar-modest.hr\/wp-content\/uploads\/2022\/12\/opel-corsa-V-120x75.png 120w, https:\/\/www.rentacar-modest.hr\/wp-content\/uploads\/2022\/12\/opel-corsa-V.png 800w\" sizes=\"auto, (max-width:767px) 300px, 300px\" \/><\/td>\n<\/tr>\n<tr>\n<td width=\"140\" height=\"26\"><strong><a href=\"https:\/\/www.rentacar-modest.hr\/en\/rezervacije\/\">RESERVATIONS<\/a><\/strong><\/td>\n<td style=\"text-align: left;\" align=\"right\" width=\"173\"><\/td>\n<td align=\"right\" valign=\"top\" width=\"43\"><strong><a id=\"euro_bmw\" title=\"prices\" href=\"https:\/\/www.rentacar-modest.hr\/en\/cijene\/\">PRICELIST<\/a><img loading=\"lazy\" decoding=\"async\" src=\"http:\/\/www.rentacar-modest.hr\/images\/spacer.gif\" alt=\"\" width=\"1\" height=\"1\" border=\"0\" \/><\/strong><\/td>\n<\/tr>\n<tr>\n<td width=\"140\" height=\"31\"><img loading=\"lazy\" decoding=\"async\" class=\"alignnone size-full wp-image-288\" src=\"https:\/\/rentacar-modest.hr\/wp-content\/uploads\/2022\/12\/ikone.png\" alt=\"\" width=\"173\" height=\"31\" srcset=\"https:\/\/www.rentacar-modest.hr\/wp-content\/uploads\/2022\/12\/ikone.png 173w, https:\/\/www.rentacar-modest.hr\/wp-content\/uploads\/2022\/12\/ikone-50x9.png 50w, https:\/\/www.rentacar-modest.hr\/wp-content\/uploads\/2022\/12\/ikone-150x27.png 150w\" sizes=\"auto, (max-width:767px) 173px, 173px\" \/><\/td>\n<td colspan=\"3\"><strong><a id=\"euro_bmw\" href=\"https:\/\/www.rentacar-modest.hr\/en\/cijene\/\"><img loading=\"lazy\" decoding=\"async\" class=\"alignright\" title=\"Prices\" src=\"https:\/\/www.rentacar-modest.hr\/wp-content\/uploads\/2023\/01\/euro1-1.gif\" alt=\"Cjenik\" width=\"34\" height=\"24\" name=\"euro_bmw\" border=\"0\" \/><\/a><\/strong><\/td>\n<\/tr>\n<\/tbody>\n<\/table>\n<p><strong><!--KRAJ OPEL ZAFIRA TABELE--><\/strong><\/p>\n<\/div><\/div><\/div><\/section><\/div><\/div><\/div><div class=\"wpb_column vc_column_container vc_col-sm-6\"><div class=\"vc_column-inner\"><div class=\"wpb_wrapper\"><section class=\"vc_cta3-container\"><div class=\"vc_general vc_do_cta3 vc_cta3 vc_cta3-style-classic vc_cta3-shape-rounded vc_cta3-align-left vc_cta3-color-classic vc_cta3-icon-size-md vc_custom_1728046764686\"><div class=\"vc_cta3_content-container\"><div class=\"vc_cta3-content\"><header class=\"vc_cta3-content-header\"><\/header><table border=\"0\" width=\"100%\" cellspacing=\"0\" cellpadding=\"0\">\n<tbody>\n<tr>\n<td width=\"140\" height=\"35\">\n<h6><strong>RENAULT CLIO<\/strong><\/h6>\n<\/td>\n<td colspan=\"3\"><\/td>\n<\/tr>\n<tr>\n<td valign=\"top\">\n<p><strong>Air condition<\/strong><\/p>\n<p><strong>Air bag<\/strong><\/p>\n<p><strong>Radio\/CD<\/strong><\/p>\n<p><strong>Alarm<\/strong><\/p>\n<p><strong>Central locking<\/strong><\/p>\n<p><strong>Power steering<\/strong><\/td>\n<td colspan=\"2\"><img loading=\"lazy\" decoding=\"async\" class=\"alignnone size-medium wp-image-233\" src=\"https:\/\/rentacar-modest.hr\/wp-content\/uploads\/2022\/12\/renault-clio-rb-300x192.png\" alt=\"\" width=\"300\" height=\"192\" srcset=\"https:\/\/www.rentacar-modest.hr\/wp-content\/uploads\/2022\/12\/renault-clio-rb-300x192.png 300w, https:\/\/www.rentacar-modest.hr\/wp-content\/uploads\/2022\/12\/renault-clio-rb-228x146.png 228w, https:\/\/www.rentacar-modest.hr\/wp-content\/uploads\/2022\/12\/renault-clio-rb-50x32.png 50w, https:\/\/www.rentacar-modest.hr\/wp-content\/uploads\/2022\/12\/renault-clio-rb-117x75.png 117w, https:\/\/www.rentacar-modest.hr\/wp-content\/uploads\/2022\/12\/renault-clio-rb.png 625w\" sizes=\"auto, (max-width:767px) 300px, 300px\" \/><\/td>\n<\/tr>\n<tr>\n<td width=\"140\" height=\"26\"><strong><a href=\"https:\/\/www.rentacar-modest.hr\/en\/rezervacije\/\">RESERVATIONS<\/a><\/strong><\/td>\n<td style=\"text-align: left;\" align=\"right\" width=\"173\"><\/td>\n<td align=\"right\" valign=\"top\" width=\"43\"><strong><a id=\"euro_bmw\" title=\"prices\" href=\"https:\/\/www.rentacar-modest.hr\/en\/cijene\/\">PRICELIST<\/a><img loading=\"lazy\" decoding=\"async\" src=\"http:\/\/www.rentacar-modest.hr\/images\/spacer.gif\" alt=\"\" width=\"1\" height=\"1\" border=\"0\" \/><\/strong><\/td>\n<\/tr>\n<tr>\n<td width=\"140\" height=\"31\"><img loading=\"lazy\" decoding=\"async\" class=\"alignnone size-full wp-image-288\" src=\"https:\/\/rentacar-modest.hr\/wp-content\/uploads\/2022\/12\/ikone.png\" alt=\"\" width=\"173\" height=\"31\" srcset=\"https:\/\/www.rentacar-modest.hr\/wp-content\/uploads\/2022\/12\/ikone.png 173w, https:\/\/www.rentacar-modest.hr\/wp-content\/uploads\/2022\/12\/ikone-50x9.png 50w, https:\/\/www.rentacar-modest.hr\/wp-content\/uploads\/2022\/12\/ikone-150x27.png 150w\" sizes=\"auto, (max-width:767px) 173px, 173px\" \/><\/td>\n<td colspan=\"3\"><strong><a id=\"euro_bmw\" href=\"https:\/\/www.rentacar-modest.hr\/en\/cijene\/\"><img loading=\"lazy\" decoding=\"async\" class=\"alignright\" title=\"Prices\" src=\"https:\/\/www.rentacar-modest.hr\/wp-content\/uploads\/2023\/01\/euro1-1.gif\" alt=\"Cjenik\" width=\"34\" height=\"24\" name=\"euro_bmw\" border=\"0\" \/><\/a><\/strong><\/td>\n<\/tr>\n<\/tbody>\n<\/table>\n<p><strong><!--KRAJ OPEL ZAFIRA TABELE--><\/strong><\/p>\n<\/div><\/div><\/div><\/section><\/div><\/div><\/div><\/div>\n<\/div>","protected":false},"excerpt":{"rendered":"Rent Economy vozila Sva vozila dolaze s All-inclusive paketom: obavezno i kasko osiguranje vozila i putnika neograni\u010dena kilometra\u017ea porez zeleni karton za prelazak dr\u017eavne granice dje\u010dje<span class=\"excerpt-hellip\"> [\u2026]<\/span>","protected":false},"author":1,"featured_media":0,"parent":0,"menu_order":0,"comment_status":"open","ping_status":"closed","template":"","meta":{"footnotes":""},"class_list":["post-11","page","type-page","status-publish","hentry"],"yoast_head":"<!-- This site is optimized with the Yoast SEO plugin v24.7 - https:\/\/yoast.com\/wordpress\/plugins\/seo\/ -->\n<title>Rent Economy vozila - rentacar-modest.hr<\/title>\n<meta name=\"description\" content=\"Rentacar Modest, Zagreb, je hrvatski rent-a-car koji nudi iznajmljivanje osobnih i teretnih vozila po najpovoljnijim cijenama. Iznajmljivanje osobnih vozila iz kategorija economy i comfort, najam kobija, putni\u010dkih i transportnih. Cijena najma sadr\u017ei all inclusive paket koji obuhva\u0107a obavezno i kasko osiguranje, osiguranje za sve putnike, dje\u010dju sjedalicu, GPS navigaciju i neograni\u010denu kilometra\u017eu. Sva vozila u ponudi su pod tvorni\u010dkim jamstvom.\" \/>\n<meta name=\"robots\" content=\"index, follow, max-snippet:-1, max-image-preview:large, max-video-preview:-1\" \/>\n<link rel=\"canonical\" href=\"https:\/\/www.rentacar-modest.hr\/en\/rent-economy-vozila\/\" \/>\n<meta property=\"og:locale\" content=\"en_GB\" \/>\n<meta property=\"og:type\" content=\"article\" \/>\n<meta property=\"og:title\" content=\"Rent Economy vozila - rentacar-modest.hr\" \/>\n<meta property=\"og:description\" content=\"Rentacar Modest, Zagreb, je hrvatski rent-a-car koji nudi iznajmljivanje osobnih i teretnih vozila po najpovoljnijim cijenama. Iznajmljivanje osobnih vozila iz kategorija economy i comfort, najam kobija, putni\u010dkih i transportnih. Cijena najma sadr\u017ei all inclusive paket koji obuhva\u0107a obavezno i kasko osiguranje, osiguranje za sve putnike, dje\u010dju sjedalicu, GPS navigaciju i neograni\u010denu kilometra\u017eu. Sva vozila u ponudi su pod tvorni\u010dkim jamstvom.\" \/>\n<meta property=\"og:url\" content=\"https:\/\/www.rentacar-modest.hr\/en\/rent-economy-vozila\/\" \/>\n<meta property=\"og:site_name\" content=\"rentacar-modest.hr\" \/>\n<meta property=\"article:modified_time\" content=\"2024-10-10T23:27:11+00:00\" \/>\n<meta property=\"og:image\" content=\"https:\/\/rentacar-modest.hr\/wp-content\/uploads\/2022\/12\/opel-corsa-V-300x188.png\" \/>\n<meta name=\"twitter:card\" content=\"summary_large_image\" \/>\n<meta name=\"twitter:label1\" content=\"Estimated reading time\" \/>\n\t<meta name=\"twitter:data1\" content=\"4 minutes\" \/>\n<script type=\"application\/ld+json\" class=\"yoast-schema-graph\">{\"@context\":\"https:\/\/schema.org\",\"@graph\":[{\"@type\":\"WebPage\",\"@id\":\"https:\/\/www.rentacar-modest.hr\/rent-economy-vozila\/\",\"url\":\"https:\/\/www.rentacar-modest.hr\/rent-economy-vozila\/\",\"name\":\"Rent Economy vozila - rentacar-modest.hr\",\"isPartOf\":{\"@id\":\"https:\/\/www.rentacar-modest.hr\/#website\"},\"primaryImageOfPage\":{\"@id\":\"https:\/\/www.rentacar-modest.hr\/rent-economy-vozila\/#primaryimage\"},\"image\":{\"@id\":\"https:\/\/www.rentacar-modest.hr\/rent-economy-vozila\/#primaryimage\"},\"thumbnailUrl\":\"https:\/\/rentacar-modest.hr\/wp-content\/uploads\/2022\/12\/opel-corsa-V-300x188.png\",\"datePublished\":\"2018-01-15T11:54:56+00:00\",\"dateModified\":\"2024-10-10T23:27:11+00:00\",\"description\":\"Rentacar Modest, Zagreb, je hrvatski rent-a-car koji nudi iznajmljivanje osobnih i teretnih vozila po najpovoljnijim cijenama. Iznajmljivanje osobnih vozila iz kategorija economy i comfort, najam kobija, putni\u010dkih i transportnih. Cijena najma sadr\u017ei all inclusive paket koji obuhva\u0107a obavezno i kasko osiguranje, osiguranje za sve putnike, dje\u010dju sjedalicu, GPS navigaciju i neograni\u010denu kilometra\u017eu. Sva vozila u ponudi su pod tvorni\u010dkim jamstvom.\",\"breadcrumb\":{\"@id\":\"https:\/\/www.rentacar-modest.hr\/rent-economy-vozila\/#breadcrumb\"},\"inLanguage\":\"en-GB\",\"potentialAction\":[{\"@type\":\"ReadAction\",\"target\":[\"https:\/\/www.rentacar-modest.hr\/rent-economy-vozila\/\"]}]},{\"@type\":\"ImageObject\",\"inLanguage\":\"en-GB\",\"@id\":\"https:\/\/www.rentacar-modest.hr\/rent-economy-vozila\/#primaryimage\",\"url\":\"https:\/\/rentacar-modest.hr\/wp-content\/uploads\/2022\/12\/opel-corsa-V-300x188.png\",\"contentUrl\":\"https:\/\/rentacar-modest.hr\/wp-content\/uploads\/2022\/12\/opel-corsa-V-300x188.png\"},{\"@type\":\"BreadcrumbList\",\"@id\":\"https:\/\/www.rentacar-modest.hr\/rent-economy-vozila\/#breadcrumb\",\"itemListElement\":[{\"@type\":\"ListItem\",\"position\":1,\"name\":\"Po\u010detna stranica\",\"item\":\"https:\/\/www.rentacar-modest.hr\/\"},{\"@type\":\"ListItem\",\"position\":2,\"name\":\"Rent Economy vozila\"}]},{\"@type\":\"WebSite\",\"@id\":\"https:\/\/www.rentacar-modest.hr\/#website\",\"url\":\"https:\/\/www.rentacar-modest.hr\/\",\"name\":\"rentacar-modest.hr\",\"description\":\"Rent a Car Zagreb \",\"publisher\":{\"@id\":\"https:\/\/www.rentacar-modest.hr\/#organization\"},\"potentialAction\":[{\"@type\":\"SearchAction\",\"target\":{\"@type\":\"EntryPoint\",\"urlTemplate\":\"https:\/\/www.rentacar-modest.hr\/?s={search_term_string}\"},\"query-input\":{\"@type\":\"PropertyValueSpecification\",\"valueRequired\":true,\"valueName\":\"search_term_string\"}}],\"inLanguage\":\"en-GB\"},{\"@type\":\"Organization\",\"@id\":\"https:\/\/www.rentacar-modest.hr\/#organization\",\"name\":\"rentacar-modest.hr\",\"url\":\"https:\/\/www.rentacar-modest.hr\/\",\"logo\":{\"@type\":\"ImageObject\",\"inLanguage\":\"en-GB\",\"@id\":\"https:\/\/www.rentacar-modest.hr\/#\/schema\/logo\/image\/\",\"url\":\"https:\/\/www.rentacar-modest.hr\/wp-content\/uploads\/2022\/11\/cropped-LOGO-MODEST_fav_1-1.png\",\"contentUrl\":\"https:\/\/www.rentacar-modest.hr\/wp-content\/uploads\/2022\/11\/cropped-LOGO-MODEST_fav_1-1.png\",\"width\":100,\"height\":55,\"caption\":\"rentacar-modest.hr\"},\"image\":{\"@id\":\"https:\/\/www.rentacar-modest.hr\/#\/schema\/logo\/image\/\"}}]}<\/script>\n<!-- \/ Yoast SEO plugin. -->","yoast_head_json":{"title":"Rent Economy vozila - rentacar-modest.hr","description":"Rentacar Modest, Zagreb, je hrvatski rent-a-car koji nudi iznajmljivanje osobnih i teretnih vozila po najpovoljnijim cijenama. Iznajmljivanje osobnih vozila iz kategorija economy i comfort, najam kobija, putni\u010dkih i transportnih. Cijena najma sadr\u017ei all inclusive paket koji obuhva\u0107a obavezno i kasko osiguranje, osiguranje za sve putnike, dje\u010dju sjedalicu, GPS navigaciju i neograni\u010denu kilometra\u017eu. Sva vozila u ponudi su pod tvorni\u010dkim jamstvom.","robots":{"index":"index","follow":"follow","max-snippet":"max-snippet:-1","max-image-preview":"max-image-preview:large","max-video-preview":"max-video-preview:-1"},"canonical":"https:\/\/www.rentacar-modest.hr\/en\/rent-economy-vozila\/","og_locale":"en_GB","og_type":"article","og_title":"Rent Economy vozila - rentacar-modest.hr","og_description":"Rentacar Modest, Zagreb, je hrvatski rent-a-car koji nudi iznajmljivanje osobnih i teretnih vozila po najpovoljnijim cijenama. Iznajmljivanje osobnih vozila iz kategorija economy i comfort, najam kobija, putni\u010dkih i transportnih. Cijena najma sadr\u017ei all inclusive paket koji obuhva\u0107a obavezno i kasko osiguranje, osiguranje za sve putnike, dje\u010dju sjedalicu, GPS navigaciju i neograni\u010denu kilometra\u017eu. Sva vozila u ponudi su pod tvorni\u010dkim jamstvom.","og_url":"https:\/\/www.rentacar-modest.hr\/en\/rent-economy-vozila\/","og_site_name":"rentacar-modest.hr","article_modified_time":"2024-10-10T23:27:11+00:00","og_image":[{"url":"https:\/\/rentacar-modest.hr\/wp-content\/uploads\/2022\/12\/opel-corsa-V-300x188.png","type":"","width":"","height":""}],"twitter_card":"summary_large_image","twitter_misc":{"Estimated reading time":"4 minutes"},"schema":{"@context":"https:\/\/schema.org","@graph":[{"@type":"WebPage","@id":"https:\/\/www.rentacar-modest.hr\/rent-economy-vozila\/","url":"https:\/\/www.rentacar-modest.hr\/rent-economy-vozila\/","name":"Rent Economy vozila - rentacar-modest.hr","isPartOf":{"@id":"https:\/\/www.rentacar-modest.hr\/#website"},"primaryImageOfPage":{"@id":"https:\/\/www.rentacar-modest.hr\/rent-economy-vozila\/#primaryimage"},"image":{"@id":"https:\/\/www.rentacar-modest.hr\/rent-economy-vozila\/#primaryimage"},"thumbnailUrl":"https:\/\/rentacar-modest.hr\/wp-content\/uploads\/2022\/12\/opel-corsa-V-300x188.png","datePublished":"2018-01-15T11:54:56+00:00","dateModified":"2024-10-10T23:27:11+00:00","description":"Rentacar Modest, Zagreb, je hrvatski rent-a-car koji nudi iznajmljivanje osobnih i teretnih vozila po najpovoljnijim cijenama. Iznajmljivanje osobnih vozila iz kategorija economy i comfort, najam kobija, putni\u010dkih i transportnih. Cijena najma sadr\u017ei all inclusive paket koji obuhva\u0107a obavezno i kasko osiguranje, osiguranje za sve putnike, dje\u010dju sjedalicu, GPS navigaciju i neograni\u010denu kilometra\u017eu. Sva vozila u ponudi su pod tvorni\u010dkim jamstvom.","breadcrumb":{"@id":"https:\/\/www.rentacar-modest.hr\/rent-economy-vozila\/#breadcrumb"},"inLanguage":"en-GB","potentialAction":[{"@type":"ReadAction","target":["https:\/\/www.rentacar-modest.hr\/rent-economy-vozila\/"]}]},{"@type":"ImageObject","inLanguage":"en-GB","@id":"https:\/\/www.rentacar-modest.hr\/rent-economy-vozila\/#primaryimage","url":"https:\/\/rentacar-modest.hr\/wp-content\/uploads\/2022\/12\/opel-corsa-V-300x188.png","contentUrl":"https:\/\/rentacar-modest.hr\/wp-content\/uploads\/2022\/12\/opel-corsa-V-300x188.png"},{"@type":"BreadcrumbList","@id":"https:\/\/www.rentacar-modest.hr\/rent-economy-vozila\/#breadcrumb","itemListElement":[{"@type":"ListItem","position":1,"name":"Po\u010detna stranica","item":"https:\/\/www.rentacar-modest.hr\/"},{"@type":"ListItem","position":2,"name":"Rent Economy vozila"}]},{"@type":"WebSite","@id":"https:\/\/www.rentacar-modest.hr\/#website","url":"https:\/\/www.rentacar-modest.hr\/","name":"rentacar-modest.hr","description":"Rent a Car Zagreb ","publisher":{"@id":"https:\/\/www.rentacar-modest.hr\/#organization"},"potentialAction":[{"@type":"SearchAction","target":{"@type":"EntryPoint","urlTemplate":"https:\/\/www.rentacar-modest.hr\/?s={search_term_string}"},"query-input":{"@type":"PropertyValueSpecification","valueRequired":true,"valueName":"search_term_string"}}],"inLanguage":"en-GB"},{"@type":"Organization","@id":"https:\/\/www.rentacar-modest.hr\/#organization","name":"rentacar-modest.hr","url":"https:\/\/www.rentacar-modest.hr\/","logo":{"@type":"ImageObject","inLanguage":"en-GB","@id":"https:\/\/www.rentacar-modest.hr\/#\/schema\/logo\/image\/","url":"https:\/\/www.rentacar-modest.hr\/wp-content\/uploads\/2022\/11\/cropped-LOGO-MODEST_fav_1-1.png","contentUrl":"https:\/\/www.rentacar-modest.hr\/wp-content\/uploads\/2022\/11\/cropped-LOGO-MODEST_fav_1-1.png","width":100,"height":55,"caption":"rentacar-modest.hr"},"image":{"@id":"https:\/\/www.rentacar-modest.hr\/#\/schema\/logo\/image\/"}}]}},"_links":{"self":[{"href":"https:\/\/www.rentacar-modest.hr\/en\/wp-json\/wp\/v2\/pages\/11","targetHints":{"allow":["GET"]}}],"collection":[{"href":"https:\/\/www.rentacar-modest.hr\/en\/wp-json\/wp\/v2\/pages"}],"about":[{"href":"https:\/\/www.rentacar-modest.hr\/en\/wp-json\/wp\/v2\/types\/page"}],"author":[{"embeddable":true,"href":"https:\/\/www.rentacar-modest.hr\/en\/wp-json\/wp\/v2\/users\/1"}],"replies":[{"embeddable":true,"href":"https:\/\/www.rentacar-modest.hr\/en\/wp-json\/wp\/v2\/comments?post=11"}],"version-history":[{"count":96,"href":"https:\/\/www.rentacar-modest.hr\/en\/wp-json\/wp\/v2\/pages\/11\/revisions"}],"predecessor-version":[{"id":498,"href":"https:\/\/www.rentacar-modest.hr\/en\/wp-json\/wp\/v2\/pages\/11\/revisions\/498"}],"wp:attachment":[{"href":"https:\/\/www.rentacar-modest.hr\/en\/wp-json\/wp\/v2\/media?parent=11"}],"curies":[{"name":"wp","href":"https:\/\/api.w.org\/{rel}","templated":true}]}}